{"id":5738,"date":"2022-07-17T20:23:12","date_gmt":"2022-07-17T18:23:12","guid":{"rendered":"https:\/\/disneylandears.be\/?page_id=5738"},"modified":"2024-06-05T14:59:45","modified_gmt":"2024-06-05T12:59:45","slug":"disney-symphony-of-colours","status":"publish","type":"page","link":"https:\/\/dlpexplorers.be\/de\/seizoenen\/disney-symphony-of-colours\/","title":{"rendered":"Disney Symphony of Colours"},"content":{"rendered":"<div data-elementor-type=\"wp-page\" data-elementor-id=\"5738\" class=\"elementor elementor-5738\">\n\t\t\t\t\t\t<section class=\"has-el-gap el-gap-default elementor-section elementor-top-section elementor-element elementor-element-2fcf4903 elementor-section-height-min-height elementor-section-boxed elementor-section-height-default elementor-section-items-middle\" data-id=\"2fcf4903\" data-element_type=\"section\" data-e-type=\"section\" data-settings=\"{&quot;background_background&quot;:&quot;classic&quot;}\">\n\t\t\t\t\t\t\t<div class=\"elementor-background-overlay\"><\/div>\n\t\t\t\t\t\t\t<div class=\"elementor-container elementor-column-gap-no\">\n\t\t\t\t\t<div class=\"elementor-column elementor-col-100 elementor-top-column elementor-element elementor-element-1bd6c249\" data-id=\"1bd6c249\" data-element_type=\"column\" data-e-type=\"column\">\n\t\t\t<div class=\"elementor-widget-wrap\">\n\t\t\t\t\t\t\t<\/div>\n\t\t<\/div>\n\t\t\t\t\t<\/div>\n\t\t<\/section>\n\t\t\t\t<section class=\"has-el-gap el-gap-default elementor-section elementor-top-section elementor-element elementor-element-de3bc3c elementor-section-boxed elementor-section-height-default elementor-section-height-default\" data-id=\"de3bc3c\" data-element_type=\"section\" data-e-type=\"section\" data-settings=\"{&quot;background_background&quot;:&quot;classic&quot;}\">\n\t\t\t\t\t\t<div class=\"elementor-container elementor-column-gap-no\">\n\t\t\t\t\t<div class=\"elementor-column elementor-col-100 elementor-top-column elementor-element elementor-element-5c65e4a\" data-id=\"5c65e4a\" data-element_type=\"column\" data-e-type=\"column\">\n\t\t\t<div class=\"elementor-widget-wrap elementor-element-populated\">\n\t\t\t\t\t\t<div class=\"elementor-element elementor-element-31a9b16 center elementor-widget elementor-widget-smartmag-heading\" data-id=\"31a9b16\" data-element_type=\"widget\" data-e-type=\"widget\" data-widget_type=\"smartmag-heading.default\">\n\t\t\t\t<div class=\"elementor-widget-container\">\n\t\t\t\t\t\t\t\t\t\t\n\t\t\t\t\t\t\t\n\t\t\t\t<div class=\"block-head block-head-ac block-head-c block-head-c2 is-center\">\n\n\t\t\t\t\t<h2 class=\"heading\">Disney Symphony of Colours<\/h2>\t\t\t\t\t\n\t\t\t\t\t\t\t\t\t<\/div>\n\t\t\t\t\n\t\t\t\n\t\t\t\t\t\t<\/div>\n\t\t\t\t<\/div>\n\t\t\t\t<div class=\"elementor-element elementor-element-aa63518 post-content elementor-widget elementor-widget-text-editor\" data-id=\"aa63518\" data-element_type=\"widget\" data-e-type=\"widget\" data-widget_type=\"text-editor.default\">\n\t\t\t\t<div class=\"elementor-widget-container\">\n\t\t\t\t\t\t\t\t\t<div class=\"elementor-element elementor-element-6b0ebc3e elementor-widget elementor-widget-text-editor\" data-id=\"6b0ebc3e\" data-element_type=\"widget\" data-widget_type=\"text-editor.default\"><div class=\"elementor-widget-container\"><p>Erleben Sie farbenfrohe Dekorationen auf der Main Street, U.S.A., eine neue Show mit Disney-Figuren und eine zauberhafte Drohnenshow w\u00e4hrend der Disney Symphony of Colours.<\/p><\/div><\/div>\t\t\t\t\t\t\t\t<\/div>\n\t\t\t\t<\/div>\n\t\t\t\t\t<\/div>\n\t\t<\/div>\n\t\t\t\t\t<\/div>\n\t\t<\/section>\n\t\t\t\t<section class=\"has-el-gap el-gap-default elementor-section elementor-top-section elementor-element elementor-element-1bc8659 elementor-section-boxed elementor-section-height-default elementor-section-height-default\" data-id=\"1bc8659\" data-element_type=\"section\" data-e-type=\"section\" data-settings=\"{&quot;background_background&quot;:&quot;classic&quot;}\">\n\t\t\t\t\t\t<div class=\"elementor-container elementor-column-gap-no\">\n\t\t\t\t\t<div class=\"elementor-column elementor-col-100 elementor-top-column elementor-element elementor-element-a14449d\" data-id=\"a14449d\" data-element_type=\"column\" data-e-type=\"column\">\n\t\t\t<div class=\"elementor-widget-wrap elementor-element-populated\">\n\t\t\t\t\t\t<div class=\"elementor-element elementor-element-e3c486b center elementor-widget elementor-widget-smartmag-heading\" data-id=\"e3c486b\" data-element_type=\"widget\" data-e-type=\"widget\" data-widget_type=\"smartmag-heading.default\">\n\t\t\t\t<div class=\"elementor-widget-container\">\n\t\t\t\t\t\t\t\t\t\t\n\t\t\t\t\t\t\t\n\t\t\t\t<div class=\"block-head block-head-ac block-head-c block-head-c2 is-center\">\n\n\t\t\t\t\t<h2 class=\"heading\">\u00dcber Disney Symphonie der Farben<\/h2>\t\t\t\t\t\n\t\t\t\t\t\t\t\t\t<\/div>\n\t\t\t\t\n\t\t\t\n\t\t\t\t\t\t<\/div>\n\t\t\t\t<\/div>\n\t\t\t\t<div class=\"elementor-element elementor-element-8ca0e79 post-content elementor-widget elementor-widget-text-editor\" data-id=\"8ca0e79\" data-element_type=\"widget\" data-e-type=\"widget\" data-widget_type=\"text-editor.default\">\n\t\t\t\t<div class=\"elementor-widget-container\">\n\t\t\t\t\t\t\t\t\t<p>Die Main Street, U.S.A. wird mit atemberaubenden neuen Dekorationen ausgestattet. Die Disney Electrical Sky Parade, eine n\u00e4chtliche Drohnenparade, ist eine Hommage an die Main Street Electrical Parade, bei der 500 beleuchtete Drohnen als Wagen f\u00fcr geliebte Disney-Figuren eingesetzt werden.<\/p><p>Die farbenfrohe Tagesshow A Million Splashes of Colour nimmt die G\u00e4ste mit auf eine Reise durch die reichhaltigen Geschichten von Disney Animation und Pixar, mit farbenfrohen Wagen, die das kreative Geschichtenerz\u00e4hlen verk\u00f6rpern. Blooming in Colours: eine Reise in M\u00e4rchenwelten! Au\u00dferdem gibt es neue Dekorationen auf der Main Street, U.S.A., die vom Jugendstil inspiriert und mit Pixie Dust von Tinkerbell und Periwinkle verziert sind. Die von franz\u00f6sischen Kunsthandwerkern gefertigten Dekorationen versprechen ein farbenfrohes und einzigartiges Erlebnis f\u00fcr Besucher jeden Alters zu werden.<\/p>\t\t\t\t\t\t\t\t<\/div>\n\t\t\t\t<\/div>\n\t\t\t\t<section class=\"has-el-gap el-gap-default elementor-section elementor-inner-section elementor-element elementor-element-098cfc3 elementor-section-boxed elementor-section-height-default elementor-section-height-default\" data-id=\"098cfc3\" data-element_type=\"section\" data-e-type=\"section\">\n\t\t\t\t\t\t<div class=\"elementor-container elementor-column-gap-no\">\n\t\t\t\t\t<div class=\"elementor-column elementor-col-50 elementor-inner-column elementor-element elementor-element-291b551\" data-id=\"291b551\" data-element_type=\"column\" data-e-type=\"column\">\n\t\t\t<div class=\"elementor-widget-wrap elementor-element-populated\">\n\t\t\t\t\t\t<div class=\"elementor-element elementor-element-48443c5 elementor-widget elementor-widget-image\" data-id=\"48443c5\" data-element_type=\"widget\" data-e-type=\"widget\" data-widget_type=\"image.default\">\n\t\t\t\t<div class=\"elementor-widget-container\">\n\t\t\t\t\t\t\t\t\t\t\t\t\t\t\t<img fetchpriority=\"high\" decoding=\"async\" width=\"1024\" height=\"742\" src=\"https:\/\/www.dlpexplorers.be\/wp-content\/uploads\/2023\/12\/DISNEY-SYMPHONY-OF-COLOURS-LOGO-horizontal-1024x742.jpg\" class=\"attachment-large size-large wp-image-12804\" alt=\"Disney Symphonie der Farben - \u00a9 Disney\" srcset=\"https:\/\/www.dlpexplorers.be\/wp-content\/uploads\/2023\/12\/DISNEY-SYMPHONY-OF-COLOURS-LOGO-horizontal-1024x742.jpg 1024w, https:\/\/www.dlpexplorers.be\/wp-content\/uploads\/2023\/12\/DISNEY-SYMPHONY-OF-COLOURS-LOGO-horizontal-300x217.jpg 300w, https:\/\/www.dlpexplorers.be\/wp-content\/uploads\/2023\/12\/DISNEY-SYMPHONY-OF-COLOURS-LOGO-horizontal-768x557.jpg 768w, https:\/\/www.dlpexplorers.be\/wp-content\/uploads\/2023\/12\/DISNEY-SYMPHONY-OF-COLOURS-LOGO-horizontal-1536x1114.jpg 1536w, https:\/\/www.dlpexplorers.be\/wp-content\/uploads\/2023\/12\/DISNEY-SYMPHONY-OF-COLOURS-LOGO-horizontal-18x12.jpg 18w, https:\/\/www.dlpexplorers.be\/wp-content\/uploads\/2023\/12\/DISNEY-SYMPHONY-OF-COLOURS-LOGO-horizontal-150x109.jpg 150w, https:\/\/www.dlpexplorers.be\/wp-content\/uploads\/2023\/12\/DISNEY-SYMPHONY-OF-COLOURS-LOGO-horizontal-450x326.jpg 450w, https:\/\/www.dlpexplorers.be\/wp-content\/uploads\/2023\/12\/DISNEY-SYMPHONY-OF-COLOURS-LOGO-horizontal-1200x870.jpg 1200w, https:\/\/www.dlpexplorers.be\/wp-content\/uploads\/2023\/12\/DISNEY-SYMPHONY-OF-COLOURS-LOGO-horizontal.jpg 2018w\" sizes=\"(max-width: 1024px) 100vw, 1024px\" \/>\t\t\t\t\t\t\t\t\t\t\t\t\t\t\t<\/div>\n\t\t\t\t<\/div>\n\t\t\t\t\t<\/div>\n\t\t<\/div>\n\t\t\t\t<div class=\"elementor-column elementor-col-50 elementor-inner-column elementor-element elementor-element-167c9e3\" data-id=\"167c9e3\" data-element_type=\"column\" data-e-type=\"column\">\n\t\t\t<div class=\"elementor-widget-wrap elementor-element-populated\">\n\t\t\t\t\t\t<div class=\"elementor-element elementor-element-4f7e350 elementor-widget elementor-widget-image\" data-id=\"4f7e350\" data-element_type=\"widget\" data-e-type=\"widget\" data-widget_type=\"image.default\">\n\t\t\t\t<div class=\"elementor-widget-container\">\n\t\t\t\t\t\t\t\t\t\t\t\t\t\t\t<img decoding=\"async\" width=\"1024\" height=\"736\" src=\"https:\/\/www.dlpexplorers.be\/wp-content\/uploads\/2023\/12\/1.-Disney-Electrical-Sky-Parade-1024x736.jpg\" class=\"attachment-large size-large wp-image-12802\" alt=\"Disney Symphonie der Farben - \u00a9 Disney\" srcset=\"https:\/\/www.dlpexplorers.be\/wp-content\/uploads\/2023\/12\/1.-Disney-Electrical-Sky-Parade-1024x736.jpg 1024w, https:\/\/www.dlpexplorers.be\/wp-content\/uploads\/2023\/12\/1.-Disney-Electrical-Sky-Parade-300x216.jpg 300w, https:\/\/www.dlpexplorers.be\/wp-content\/uploads\/2023\/12\/1.-Disney-Electrical-Sky-Parade-768x552.jpg 768w, https:\/\/www.dlpexplorers.be\/wp-content\/uploads\/2023\/12\/1.-Disney-Electrical-Sky-Parade-18x12.jpg 18w, https:\/\/www.dlpexplorers.be\/wp-content\/uploads\/2023\/12\/1.-Disney-Electrical-Sky-Parade-150x108.jpg 150w, https:\/\/www.dlpexplorers.be\/wp-content\/uploads\/2023\/12\/1.-Disney-Electrical-Sky-Parade-450x323.jpg 450w, https:\/\/www.dlpexplorers.be\/wp-content\/uploads\/2023\/12\/1.-Disney-Electrical-Sky-Parade.jpg 1200w\" sizes=\"(max-width: 1024px) 100vw, 1024px\" \/>\t\t\t\t\t\t\t\t\t\t\t\t\t\t\t<\/div>\n\t\t\t\t<\/div>\n\t\t\t\t\t<\/div>\n\t\t<\/div>\n\t\t\t\t\t<\/div>\n\t\t<\/section>\n\t\t\t\t\t<\/div>\n\t\t<\/div>\n\t\t\t\t\t<\/div>\n\t\t<\/section>\n\t\t\t\t<section class=\"has-el-gap el-gap-default elementor-section elementor-top-section elementor-element elementor-element-05ca2b4 elementor-section-boxed elementor-section-height-default elementor-section-height-default\" data-id=\"05ca2b4\" data-element_type=\"section\" data-e-type=\"section\" data-settings=\"{&quot;background_background&quot;:&quot;classic&quot;}\">\n\t\t\t\t\t\t<div class=\"elementor-container elementor-column-gap-no\">\n\t\t\t\t\t<div class=\"elementor-column elementor-col-50 elementor-top-column elementor-element elementor-element-86b98fb\" data-id=\"86b98fb\" data-element_type=\"column\" data-e-type=\"column\">\n\t\t\t<div class=\"elementor-widget-wrap elementor-element-populated\">\n\t\t\t\t\t\t<div class=\"elementor-element elementor-element-580921b elementor-widget elementor-widget-smartmag-heading\" data-id=\"580921b\" data-element_type=\"widget\" data-e-type=\"widget\" data-widget_type=\"smartmag-heading.default\">\n\t\t\t\t<div class=\"elementor-widget-container\">\n\t\t\t\t\t\t\t\t\t\t\n\t\t\t\t\t\t\t\n\t\t\t\t<div class=\"block-head block-head-ac block-head-c block-head-c2 is-center\">\n\n\t\t\t\t\t<h2 class=\"heading\">Disney Elektrische Himmelsparade<\/h2>\t\t\t\t\t\n\t\t\t\t\t\t\t\t\t<\/div>\n\t\t\t\t\n\t\t\t\n\t\t\t\t\t\t<\/div>\n\t\t\t\t<\/div>\n\t\t\t\t<div class=\"elementor-element elementor-element-f9c8dc4 post-content elementor-widget elementor-widget-text-editor\" data-id=\"f9c8dc4\" data-element_type=\"widget\" data-e-type=\"widget\" data-widget_type=\"text-editor.default\">\n\t\t\t\t<div class=\"elementor-widget-container\">\n\t\t\t\t\t\t\t\t\t<p>W\u00e4hrend der Disney Symphony of Colours k\u00f6nnen die G\u00e4ste die bezaubernde Disney Electrical Sky Parade genie\u00dfen. Diese n\u00e4chtliche Drohnenparade \u00fcber dem Dornr\u00f6schenschloss kombiniert Drohnen, Videoprojektionen, Lichter und Springbrunnen und ist eine Hommage an die Main Street Electrical Parade der 1990er Jahre. Bis zu 500 Drohnen bilden beleuchtete Wagen mit ikonischen Disney-Figuren, darunter Mickey Mouse und Cinderellas Kutsche.<\/p>\t\t\t\t\t\t\t\t<\/div>\n\t\t\t\t<\/div>\n\t\t\t\t\t<\/div>\n\t\t<\/div>\n\t\t\t\t<div class=\"elementor-column elementor-col-50 elementor-top-column elementor-element elementor-element-6d9d78b\" data-id=\"6d9d78b\" data-element_type=\"column\" data-e-type=\"column\">\n\t\t\t<div class=\"elementor-widget-wrap elementor-element-populated\">\n\t\t\t\t\t\t<div class=\"elementor-element elementor-element-27125f0 elementor-widget elementor-widget-image\" data-id=\"27125f0\" data-element_type=\"widget\" data-e-type=\"widget\" data-widget_type=\"image.default\">\n\t\t\t\t<div class=\"elementor-widget-container\">\n\t\t\t\t\t\t\t\t\t\t\t\t\t\t\t<img decoding=\"async\" width=\"1024\" height=\"681\" src=\"https:\/\/www.dlpexplorers.be\/wp-content\/uploads\/2024\/02\/DSC_1347-Enhanced-NR-1024x681.jpg\" class=\"attachment-large size-large wp-image-20305\" alt=\"Disney Elektrische Himmelsparade - \u00a9 DLP Explorers\" srcset=\"https:\/\/www.dlpexplorers.be\/wp-content\/uploads\/2024\/02\/DSC_1347-Enhanced-NR-1024x681.jpg 1024w, https:\/\/www.dlpexplorers.be\/wp-content\/uploads\/2024\/02\/DSC_1347-Enhanced-NR-300x200.jpg 300w, https:\/\/www.dlpexplorers.be\/wp-content\/uploads\/2024\/02\/DSC_1347-Enhanced-NR-768x511.jpg 768w, https:\/\/www.dlpexplorers.be\/wp-content\/uploads\/2024\/02\/DSC_1347-Enhanced-NR-1536x1022.jpg 1536w, https:\/\/www.dlpexplorers.be\/wp-content\/uploads\/2024\/02\/DSC_1347-Enhanced-NR-2048x1363.jpg 2048w, https:\/\/www.dlpexplorers.be\/wp-content\/uploads\/2024\/02\/DSC_1347-Enhanced-NR-18x12.jpg 18w, https:\/\/www.dlpexplorers.be\/wp-content\/uploads\/2024\/02\/DSC_1347-Enhanced-NR-150x100.jpg 150w, https:\/\/www.dlpexplorers.be\/wp-content\/uploads\/2024\/02\/DSC_1347-Enhanced-NR-450x299.jpg 450w, https:\/\/www.dlpexplorers.be\/wp-content\/uploads\/2024\/02\/DSC_1347-Enhanced-NR-1200x798.jpg 1200w\" sizes=\"(max-width: 1024px) 100vw, 1024px\" \/>\t\t\t\t\t\t\t\t\t\t\t\t\t\t\t<\/div>\n\t\t\t\t<\/div>\n\t\t\t\t\t<\/div>\n\t\t<\/div>\n\t\t\t\t\t<\/div>\n\t\t<\/section>\n\t\t\t\t<section class=\"has-el-gap el-gap-default elementor-section elementor-top-section elementor-element elementor-element-a9059ca elementor-section-boxed elementor-section-height-default elementor-section-height-default\" data-id=\"a9059ca\" data-element_type=\"section\" data-e-type=\"section\" data-settings=\"{&quot;background_background&quot;:&quot;classic&quot;}\">\n\t\t\t\t\t\t<div class=\"elementor-container elementor-column-gap-no\">\n\t\t\t\t\t<div class=\"elementor-column elementor-col-50 elementor-top-column elementor-element elementor-element-7262cf5\" data-id=\"7262cf5\" data-element_type=\"column\" data-e-type=\"column\">\n\t\t\t<div class=\"elementor-widget-wrap elementor-element-populated\">\n\t\t\t\t\t\t<div class=\"elementor-element elementor-element-8b17fb4 elementor-widget elementor-widget-image\" data-id=\"8b17fb4\" data-element_type=\"widget\" data-e-type=\"widget\" data-widget_type=\"image.default\">\n\t\t\t\t<div class=\"elementor-widget-container\">\n\t\t\t\t\t\t\t\t\t\t\t\t\t\t\t<img loading=\"lazy\" decoding=\"async\" width=\"1024\" height=\"681\" src=\"https:\/\/www.dlpexplorers.be\/wp-content\/uploads\/2024\/02\/DSC_4165-Enhanced-NR-1024x681.jpg\" class=\"attachment-large size-large wp-image-20285\" alt=\"Eine Million Farbspritzer - \u00a9 DLP Explorers\" srcset=\"https:\/\/www.dlpexplorers.be\/wp-content\/uploads\/2024\/02\/DSC_4165-Enhanced-NR-1024x681.jpg 1024w, https:\/\/www.dlpexplorers.be\/wp-content\/uploads\/2024\/02\/DSC_4165-Enhanced-NR-300x200.jpg 300w, https:\/\/www.dlpexplorers.be\/wp-content\/uploads\/2024\/02\/DSC_4165-Enhanced-NR-768x511.jpg 768w, https:\/\/www.dlpexplorers.be\/wp-content\/uploads\/2024\/02\/DSC_4165-Enhanced-NR-1536x1022.jpg 1536w, https:\/\/www.dlpexplorers.be\/wp-content\/uploads\/2024\/02\/DSC_4165-Enhanced-NR-2048x1363.jpg 2048w, https:\/\/www.dlpexplorers.be\/wp-content\/uploads\/2024\/02\/DSC_4165-Enhanced-NR-18x12.jpg 18w, https:\/\/www.dlpexplorers.be\/wp-content\/uploads\/2024\/02\/DSC_4165-Enhanced-NR-150x100.jpg 150w, https:\/\/www.dlpexplorers.be\/wp-content\/uploads\/2024\/02\/DSC_4165-Enhanced-NR-450x299.jpg 450w, https:\/\/www.dlpexplorers.be\/wp-content\/uploads\/2024\/02\/DSC_4165-Enhanced-NR-1200x798.jpg 1200w\" sizes=\"(max-width: 1024px) 100vw, 1024px\" \/>\t\t\t\t\t\t\t\t\t\t\t\t\t\t\t<\/div>\n\t\t\t\t<\/div>\n\t\t\t\t\t<\/div>\n\t\t<\/div>\n\t\t\t\t<div class=\"elementor-column elementor-col-50 elementor-top-column elementor-element elementor-element-1d3cc04\" data-id=\"1d3cc04\" data-element_type=\"column\" data-e-type=\"column\">\n\t\t\t<div class=\"elementor-widget-wrap elementor-element-populated\">\n\t\t\t\t\t\t<div class=\"elementor-element elementor-element-8318a46 elementor-widget elementor-widget-smartmag-heading\" data-id=\"8318a46\" data-element_type=\"widget\" data-e-type=\"widget\" data-widget_type=\"smartmag-heading.default\">\n\t\t\t\t<div class=\"elementor-widget-container\">\n\t\t\t\t\t\t\t\t\t\t\n\t\t\t\t\t\t\t\n\t\t\t\t<div class=\"block-head block-head-ac block-head-c block-head-c2 is-center\">\n\n\t\t\t\t\t<h2 class=\"heading\">Eine Million Farbkleckse<\/h2>\t\t\t\t\t\n\t\t\t\t\t\t\t\t\t<\/div>\n\t\t\t\t\n\t\t\t\n\t\t\t\t\t\t<\/div>\n\t\t\t\t<\/div>\n\t\t\t\t<div class=\"elementor-element elementor-element-5b01898 post-content elementor-widget elementor-widget-text-editor\" data-id=\"5b01898\" data-element_type=\"widget\" data-e-type=\"widget\" data-widget_type=\"text-editor.default\">\n\t\t\t\t<div class=\"elementor-widget-container\">\n\t\t\t\t\t\t\t\t\t<p>Ab dem 10. Februar 2024 wird der Park ein lebendiges, musikalisches Erlebnis namens A Million Splashes of Colour bieten. Diese energiegeladene Show nimmt die Besucher mit auf eine Reise durch die Zeit, um die Geschichten von Disney Animation und Pixar zu entdecken, von zeitlosen Klassikern bis hin zu den neuesten Hits. Die farbenfrohen, von Kunst, Musik und Schrift inspirierten Wagen fassen den Kern der Geschichten von Disney Animation und Pixar zusammen, wobei jeder Wagen eine einzigartige visuelle Identit\u00e4t besitzt und mit Disney-Details versehen ist.<\/p>\t\t\t\t\t\t\t\t<\/div>\n\t\t\t\t<\/div>\n\t\t\t\t\t<\/div>\n\t\t<\/div>\n\t\t\t\t\t<\/div>\n\t\t<\/section>\n\t\t\t\t<\/div>","protected":false},"excerpt":{"rendered":"<p>Disney Symphony of Colours Erleben Sie w\u00e4hrend der Disney Symphony of Colours farbenfrohe Dekorationen auf der Main Street, U.S.A., eine neue Show mit Disney-Figuren und eine zauberhafte Drohnenshow. \u00dcber Disney Symphony of Colours Die Main Street, U.S.A. wird mit atemberaubenden neuen Dekorationen ausgestattet. Die Disney Electrical Sky Parade, eine n\u00e4chtliche Drohnenparade, ist eine Hommage an die Main Street<\/p>","protected":false},"author":1,"featured_media":0,"parent":12848,"menu_order":0,"comment_status":"closed","ping_status":"closed","template":"page-templates\/no-wrapper.php","meta":{"footnotes":""},"class_list":["post-5738","page","type-page","status-publish"],"_links":{"self":[{"href":"https:\/\/dlpexplorers.be\/de\/wp-json\/wp\/v2\/pages\/5738","targetHints":{"allow":["GET"]}}],"collection":[{"href":"https:\/\/dlpexplorers.be\/de\/wp-json\/wp\/v2\/pages"}],"about":[{"href":"https:\/\/dlpexplorers.be\/de\/wp-json\/wp\/v2\/types\/page"}],"author":[{"embeddable":true,"href":"https:\/\/dlpexplorers.be\/de\/wp-json\/wp\/v2\/users\/1"}],"replies":[{"embeddable":true,"href":"https:\/\/dlpexplorers.be\/de\/wp-json\/wp\/v2\/comments?post=5738"}],"version-history":[{"count":0,"href":"https:\/\/dlpexplorers.be\/de\/wp-json\/wp\/v2\/pages\/5738\/revisions"}],"up":[{"embeddable":true,"href":"https:\/\/dlpexplorers.be\/de\/wp-json\/wp\/v2\/pages\/12848"}],"wp:attachment":[{"href":"https:\/\/dlpexplorers.be\/de\/wp-json\/wp\/v2\/media?parent=5738"}],"curies":[{"name":"wp","href":"https:\/\/api.w.org\/{rel}","templated":true}]}}