{"id":24642,"date":"2024-11-12T14:59:59","date_gmt":"2024-11-12T13:59:59","guid":{"rendered":"https:\/\/dlpexplorers.be\/?page_id=24642"},"modified":"2024-11-12T15:06:57","modified_gmt":"2024-11-12T14:06:57","slug":"disney-tales-of-magic","status":"publish","type":"page","link":"https:\/\/dlpexplorers.be\/de\/shows-parades\/disney-tales-of-magic\/","title":{"rendered":"Disney Tales of Magic"},"content":{"rendered":"<div data-elementor-type=\"wp-page\" data-elementor-id=\"24642\" class=\"elementor elementor-24642\">\n\t\t\t\t\t\t<section class=\"has-el-gap el-gap-default elementor-section elementor-top-section elementor-element elementor-element-22dbe6ef elementor-section-height-min-height elementor-section-boxed elementor-section-height-default elementor-section-items-middle\" data-id=\"22dbe6ef\" data-element_type=\"section\" data-e-type=\"section\" data-settings=\"{&quot;background_background&quot;:&quot;classic&quot;}\">\n\t\t\t\t\t\t\t<div class=\"elementor-background-overlay\"><\/div>\n\t\t\t\t\t\t\t<div class=\"elementor-container elementor-column-gap-no\">\n\t\t\t\t\t<div class=\"elementor-column elementor-col-100 elementor-top-column elementor-element elementor-element-e55fba3\" data-id=\"e55fba3\" data-element_type=\"column\" data-e-type=\"column\">\n\t\t\t<div class=\"elementor-widget-wrap\">\n\t\t\t\t\t\t\t<\/div>\n\t\t<\/div>\n\t\t\t\t\t<\/div>\n\t\t<\/section>\n\t\t\t\t<section class=\"has-el-gap el-gap-default elementor-section elementor-top-section elementor-element elementor-element-fe95115 elementor-section-boxed elementor-section-height-default elementor-section-height-default\" data-id=\"fe95115\" data-element_type=\"section\" data-e-type=\"section\" data-settings=\"{&quot;background_background&quot;:&quot;classic&quot;}\">\n\t\t\t\t\t\t<div class=\"elementor-container elementor-column-gap-no\">\n\t\t\t\t\t<div class=\"elementor-column elementor-col-100 elementor-top-column elementor-element elementor-element-fdc818d\" data-id=\"fdc818d\" data-element_type=\"column\" data-e-type=\"column\">\n\t\t\t<div class=\"elementor-widget-wrap elementor-element-populated\">\n\t\t\t\t\t\t<div class=\"elementor-element elementor-element-74ef78e center elementor-widget elementor-widget-smartmag-heading\" data-id=\"74ef78e\" data-element_type=\"widget\" data-e-type=\"widget\" data-widget_type=\"smartmag-heading.default\">\n\t\t\t\t<div class=\"elementor-widget-container\">\n\t\t\t\t\t\t\t\t\t\t\n\t\t\t\t\t\t\t\n\t\t\t\t<div class=\"block-head block-head-ac block-head-c block-head-c2 is-center\">\n\n\t\t\t\t\t<h2 class=\"heading\">Disney Tales of Magic<\/h2>\t\t\t\t\t\n\t\t\t\t\t\t\t\t\t<\/div>\n\t\t\t\t\n\t\t\t\n\t\t\t\t\t\t<\/div>\n\t\t\t\t<\/div>\n\t\t\t\t<div class=\"elementor-element elementor-element-b944f86 post-content elementor-widget elementor-widget-text-editor\" data-id=\"b944f86\" data-element_type=\"widget\" data-e-type=\"widget\" data-widget_type=\"text-editor.default\">\n\t\t\t\t<div class=\"elementor-widget-container\">\n\t\t\t\t\t\t\t\t\t<p>Disney Tales of Magic nimmt die Besucher ab dem 10. Januar 2025 mit auf eine emotionale Reise durch die beliebtesten Geschichten der Disney Animation Studios und Pixar Animation Studios im Disneyland Park.<\/p>\t\t\t\t\t\t\t\t<\/div>\n\t\t\t\t<\/div>\n\t\t\t\t\t<\/div>\n\t\t<\/div>\n\t\t\t\t\t<\/div>\n\t\t<\/section>\n\t\t\t\t<section class=\"has-el-gap el-gap-default elementor-section elementor-top-section elementor-element elementor-element-6c3cefc elementor-section-boxed elementor-section-height-default elementor-section-height-default\" data-id=\"6c3cefc\" data-element_type=\"section\" data-e-type=\"section\" data-settings=\"{&quot;background_background&quot;:&quot;classic&quot;}\">\n\t\t\t\t\t\t<div class=\"elementor-container elementor-column-gap-no\">\n\t\t\t\t\t<div class=\"elementor-column elementor-col-100 elementor-top-column elementor-element elementor-element-406d175\" data-id=\"406d175\" data-element_type=\"column\" data-e-type=\"column\">\n\t\t\t<div class=\"elementor-widget-wrap elementor-element-populated\">\n\t\t\t\t\t\t<div class=\"elementor-element elementor-element-2323801 center elementor-widget elementor-widget-smartmag-heading\" data-id=\"2323801\" data-element_type=\"widget\" data-e-type=\"widget\" data-widget_type=\"smartmag-heading.default\">\n\t\t\t\t<div class=\"elementor-widget-container\">\n\t\t\t\t\t\t\t\t\t\t\n\t\t\t\t\t\t\t\n\t\t\t\t<div class=\"block-head block-head-ac block-head-c block-head-c2 is-center\">\n\n\t\t\t\t\t<h2 class=\"heading\">\u00dcber Disney Tales of Magic<\/h2>\t\t\t\t\t\n\t\t\t\t\t\t\t\t\t<\/div>\n\t\t\t\t\n\t\t\t\n\t\t\t\t\t\t<\/div>\n\t\t\t\t<\/div>\n\t\t\t\t<div class=\"elementor-element elementor-element-a40bd38 post-content elementor-widget elementor-widget-text-editor\" data-id=\"a40bd38\" data-element_type=\"widget\" data-e-type=\"widget\" data-widget_type=\"text-editor.default\">\n\t\t\t\t<div class=\"elementor-widget-container\">\n\t\t\t\t\t\t\t\t\t<p>Im Disneyland Park k\u00f6nnen Sie ab dem 10. Januar 2025 die brandneue Abendshow Disney Tales of Magic genie\u00dfen.<\/p><p>Diese Abendshow verzaubert Tr\u00e4umer jeden Alters mit modernsten Lichteffekten und einem Feuerwerk, wie Sie es noch nie erlebt haben. Ein einzigartiges Erlebnis, auf das Sie immer mit einem L\u00e4cheln zur\u00fcckblicken werden.<\/p><p>Seit Disney Dreams\u00ae! und Disney Illuminations sind diese abendlichen Shows zu einer Ikone der Unterhaltung geworden und sorgen f\u00fcr unvergessliche Momente bei den G\u00e4sten. Disneyland Paris bleibt seiner k\u00fcnstlerischen Kompetenz treu und setzt neue Ma\u00dfst\u00e4be in Sachen Innovation und Kreativit\u00e4t, indem es die Geb\u00e4ude der Main Street, U.S.A. mit modernster Projektionstechnik in magische Welten aus ber\u00fchmten Disney-Filmen wie Pinocchio, Cinderella, Die Sch\u00f6ne und das Biest, Der K\u00f6nig der L\u00f6wen, Lilo &amp; Stitch und Encanto verwandelt. Pixar-Filme wie Coco, Inside Out, Toy Story und WALL-E sind ebenfalls vertreten.<\/p><p>Die 20-min\u00fctige Abendshow nutzt eine einzigartige Kombination aus Projektionen, Font\u00e4nen, Feuerwerk und Drohnen, um ein unvergessliches Erlebnis zu schaffen. Die Musik spielt eine wichtige Rolle, sowohl mit bekannten Disney-Melodien als auch mit einem neuen Originalsong namens \"Live in Magic\".<\/p><p>Der exklusiv f\u00fcr diese Produktion komponierte Soundtrack zu Disney Tales of Magic weckt mit mehr als 20 ma\u00dfgeschneiderten Arrangements ikonischer Songs aus Disney Animations- und Pixar-Filmen sch\u00f6ne Erinnerungen und interpretiert die Klassiker in einem frischen, lebendigen Stil neu.<\/p><p>Das Herzst\u00fcck dieses Soundtracks ist \"Live in Magic\", ein Originalsong, der von der talentierten No\u00e9mie Legrand in franz\u00f6sischer und englischer Sprache gesungen und von einem 100-k\u00f6pfigen Orchester begleitet wird, das in den legend\u00e4ren Air Studios in London aufgenommen wurde. \"Live in Magic\" wurde von No\u00e9mie Legrand, Tony Ferrari und Lucky West komponiert und verspricht ein bewegendes Erlebnis f\u00fcr alle zu werden.<br \/><br \/><\/p><p>Disney Tales of Magic ist ab dem 10. Januar 2025 jeden Abend im Disneyland Park zu sehen.<\/p>\t\t\t\t\t\t\t\t<\/div>\n\t\t\t\t<\/div>\n\t\t\t\t\t<\/div>\n\t\t<\/div>\n\t\t\t\t\t<\/div>\n\t\t<\/section>\n\t\t\t\t<section class=\"has-el-gap el-gap-default elementor-section elementor-top-section elementor-element elementor-element-995c5a9 elementor-section-boxed elementor-section-height-default elementor-section-height-default\" data-id=\"995c5a9\" data-element_type=\"section\" data-e-type=\"section\">\n\t\t\t\t\t\t<div class=\"elementor-container elementor-column-gap-no\">\n\t\t\t\t\t<div class=\"elementor-column elementor-col-33 elementor-top-column elementor-element elementor-element-f8af59f\" data-id=\"f8af59f\" data-element_type=\"column\" data-e-type=\"column\">\n\t\t\t<div class=\"elementor-widget-wrap elementor-element-populated\">\n\t\t\t\t\t\t<div class=\"elementor-element elementor-element-e8e61f1 elementor-widget elementor-widget-image\" data-id=\"e8e61f1\" data-element_type=\"widget\" data-e-type=\"widget\" data-widget_type=\"image.default\">\n\t\t\t\t<div class=\"elementor-widget-container\">\n\t\t\t\t\t\t\t\t\t\t\t\t\t\t\t\t<a href=\"https:\/\/dlpexplorers.be\/wp-content\/uploads\/2024\/11\/HD19051_TALES_OF_MAGIC_POSTERS_UK_HORIZONTAL-scaled.jpg\" data-elementor-open-lightbox=\"yes\" data-elementor-lightbox-description=\"Disney Tales of Magic - \u00a9 Disney\" data-e-action-hash=\"#elementor-action%3Aaction%3Dlightbox%26settings%3DeyJpZCI6MjQ2MzAsInVybCI6Imh0dHBzOlwvXC93d3cuZGxwZXhwbG9yZXJzLmZyXC93cC1jb250ZW50XC91cGxvYWRzXC8yMDI0XC8xMVwvSEQxOTA1MV9UQUxFU19PRl9NQUdJQ19QT1NURVJTX1VLX0hPUklaT05UQUwtc2NhbGVkLmpwZyJ9\">\n\t\t\t\t\t\t\t<img fetchpriority=\"high\" decoding=\"async\" width=\"1024\" height=\"724\" src=\"https:\/\/www.dlpexplorers.fr\/wp-content\/uploads\/2024\/11\/HD19051_TALES_OF_MAGIC_POSTERS_UK_HORIZONTAL-1024x724.jpg\" class=\"attachment-large size-large wp-image-24630\" alt=\"Disney Tales of Magic - \u00a9 Disney\" srcset=\"https:\/\/www.dlpexplorers.fr\/wp-content\/uploads\/2024\/11\/HD19051_TALES_OF_MAGIC_POSTERS_UK_HORIZONTAL-1024x724.jpg 1024w, https:\/\/www.dlpexplorers.fr\/wp-content\/uploads\/2024\/11\/HD19051_TALES_OF_MAGIC_POSTERS_UK_HORIZONTAL-300x212.jpg 300w, https:\/\/www.dlpexplorers.fr\/wp-content\/uploads\/2024\/11\/HD19051_TALES_OF_MAGIC_POSTERS_UK_HORIZONTAL-768x543.jpg 768w, https:\/\/www.dlpexplorers.fr\/wp-content\/uploads\/2024\/11\/HD19051_TALES_OF_MAGIC_POSTERS_UK_HORIZONTAL-1536x1086.jpg 1536w, https:\/\/www.dlpexplorers.fr\/wp-content\/uploads\/2024\/11\/HD19051_TALES_OF_MAGIC_POSTERS_UK_HORIZONTAL-2048x1448.jpg 2048w, https:\/\/www.dlpexplorers.fr\/wp-content\/uploads\/2024\/11\/HD19051_TALES_OF_MAGIC_POSTERS_UK_HORIZONTAL-18x12.jpg 18w, https:\/\/www.dlpexplorers.fr\/wp-content\/uploads\/2024\/11\/HD19051_TALES_OF_MAGIC_POSTERS_UK_HORIZONTAL-150x106.jpg 150w, https:\/\/www.dlpexplorers.fr\/wp-content\/uploads\/2024\/11\/HD19051_TALES_OF_MAGIC_POSTERS_UK_HORIZONTAL-450x318.jpg 450w, https:\/\/www.dlpexplorers.fr\/wp-content\/uploads\/2024\/11\/HD19051_TALES_OF_MAGIC_POSTERS_UK_HORIZONTAL-1200x849.jpg 1200w\" sizes=\"(max-width: 1024px) 100vw, 1024px\" \/>\t\t\t\t\t\t\t\t<\/a>\n\t\t\t\t\t\t\t\t\t\t\t\t\t\t\t<\/div>\n\t\t\t\t<\/div>\n\t\t\t\t\t<\/div>\n\t\t<\/div>\n\t\t\t\t<div class=\"elementor-column elementor-col-33 elementor-top-column elementor-element elementor-element-6c56e6f\" data-id=\"6c56e6f\" data-element_type=\"column\" data-e-type=\"column\">\n\t\t\t<div class=\"elementor-widget-wrap elementor-element-populated\">\n\t\t\t\t\t\t<div class=\"elementor-element elementor-element-485fc99 elementor-widget elementor-widget-image\" data-id=\"485fc99\" data-element_type=\"widget\" data-e-type=\"widget\" data-widget_type=\"image.default\">\n\t\t\t\t<div class=\"elementor-widget-container\">\n\t\t\t\t\t\t\t\t\t\t\t\t\t\t\t\t<a href=\"https:\/\/dlpexplorers.be\/wp-content\/uploads\/2024\/11\/DLP_MARKETING_LILOSTITCH_V03_MarketingProject-V2-scaled.jpg\" data-elementor-open-lightbox=\"yes\" data-elementor-lightbox-description=\"Disney Tales of Magic - \u00a9 Disney\" data-e-action-hash=\"#elementor-action%3Aaction%3Dlightbox%26settings%3DeyJpZCI6MjQ2MTYsInVybCI6Imh0dHBzOlwvXC93d3cuZGxwZXhwbG9yZXJzLmZyXC93cC1jb250ZW50XC91cGxvYWRzXC8yMDI0XC8xMVwvRExQX01BUktFVElOR19MSUxPU1RJVENIX1YwM19NYXJrZXRpbmdQcm9qZWN0LVYyLXNjYWxlZC5qcGcifQ%3D%3D\">\n\t\t\t\t\t\t\t<img decoding=\"async\" width=\"1024\" height=\"638\" src=\"https:\/\/www.dlpexplorers.fr\/wp-content\/uploads\/2024\/11\/DLP_MARKETING_LILOSTITCH_V03_MarketingProject-V2-1024x638.jpg\" class=\"attachment-large size-large wp-image-24616\" alt=\"Disney Tales of Magic - \u00a9 Disney\" srcset=\"https:\/\/www.dlpexplorers.fr\/wp-content\/uploads\/2024\/11\/DLP_MARKETING_LILOSTITCH_V03_MarketingProject-V2-1024x638.jpg 1024w, https:\/\/www.dlpexplorers.fr\/wp-content\/uploads\/2024\/11\/DLP_MARKETING_LILOSTITCH_V03_MarketingProject-V2-300x187.jpg 300w, https:\/\/www.dlpexplorers.fr\/wp-content\/uploads\/2024\/11\/DLP_MARKETING_LILOSTITCH_V03_MarketingProject-V2-768x479.jpg 768w, https:\/\/www.dlpexplorers.fr\/wp-content\/uploads\/2024\/11\/DLP_MARKETING_LILOSTITCH_V03_MarketingProject-V2-1536x957.jpg 1536w, https:\/\/www.dlpexplorers.fr\/wp-content\/uploads\/2024\/11\/DLP_MARKETING_LILOSTITCH_V03_MarketingProject-V2-2048x1276.jpg 2048w, https:\/\/www.dlpexplorers.fr\/wp-content\/uploads\/2024\/11\/DLP_MARKETING_LILOSTITCH_V03_MarketingProject-V2-18x12.jpg 18w, https:\/\/www.dlpexplorers.fr\/wp-content\/uploads\/2024\/11\/DLP_MARKETING_LILOSTITCH_V03_MarketingProject-V2-150x93.jpg 150w, https:\/\/www.dlpexplorers.fr\/wp-content\/uploads\/2024\/11\/DLP_MARKETING_LILOSTITCH_V03_MarketingProject-V2-450x280.jpg 450w, https:\/\/www.dlpexplorers.fr\/wp-content\/uploads\/2024\/11\/DLP_MARKETING_LILOSTITCH_V03_MarketingProject-V2-1200x748.jpg 1200w\" sizes=\"(max-width: 1024px) 100vw, 1024px\" \/>\t\t\t\t\t\t\t\t<\/a>\n\t\t\t\t\t\t\t\t\t\t\t\t\t\t\t<\/div>\n\t\t\t\t<\/div>\n\t\t\t\t\t<\/div>\n\t\t<\/div>\n\t\t\t\t<div class=\"elementor-column elementor-col-33 elementor-top-column elementor-element elementor-element-f2f583a\" data-id=\"f2f583a\" data-element_type=\"column\" data-e-type=\"column\">\n\t\t\t<div class=\"elementor-widget-wrap elementor-element-populated\">\n\t\t\t\t\t\t<div class=\"elementor-element elementor-element-e99efca elementor-widget elementor-widget-image\" data-id=\"e99efca\" data-element_type=\"widget\" data-e-type=\"widget\" data-widget_type=\"image.default\">\n\t\t\t\t<div class=\"elementor-widget-container\">\n\t\t\t\t\t\t\t\t\t\t\t\t\t\t\t\t<a href=\"https:\/\/dlpexplorers.be\/wp-content\/uploads\/2024\/11\/DLP_MARKETING_ALIENS_V01_MarketingProject-V2-scaled.jpg\" data-elementor-open-lightbox=\"yes\" data-elementor-lightbox-description=\"Disney Tales of Magic - \u00a9 Disney\" data-e-action-hash=\"#elementor-action%3Aaction%3Dlightbox%26settings%3DeyJpZCI6MjQ2MTUsInVybCI6Imh0dHBzOlwvXC93d3cuZGxwZXhwbG9yZXJzLmZyXC93cC1jb250ZW50XC91cGxvYWRzXC8yMDI0XC8xMVwvRExQX01BUktFVElOR19BTElFTlNfVjAxX01hcmtldGluZ1Byb2plY3QtVjItc2NhbGVkLmpwZyJ9\">\n\t\t\t\t\t\t\t<img decoding=\"async\" width=\"1024\" height=\"638\" src=\"https:\/\/www.dlpexplorers.fr\/wp-content\/uploads\/2024\/11\/DLP_MARKETING_ALIENS_V01_MarketingProject-V2-1024x638.jpg\" class=\"attachment-large size-large wp-image-24615\" alt=\"Disney Tales of Magic - \u00a9 Disney\" srcset=\"https:\/\/www.dlpexplorers.fr\/wp-content\/uploads\/2024\/11\/DLP_MARKETING_ALIENS_V01_MarketingProject-V2-1024x638.jpg 1024w, https:\/\/www.dlpexplorers.fr\/wp-content\/uploads\/2024\/11\/DLP_MARKETING_ALIENS_V01_MarketingProject-V2-300x187.jpg 300w, https:\/\/www.dlpexplorers.fr\/wp-content\/uploads\/2024\/11\/DLP_MARKETING_ALIENS_V01_MarketingProject-V2-768x479.jpg 768w, https:\/\/www.dlpexplorers.fr\/wp-content\/uploads\/2024\/11\/DLP_MARKETING_ALIENS_V01_MarketingProject-V2-1536x957.jpg 1536w, https:\/\/www.dlpexplorers.fr\/wp-content\/uploads\/2024\/11\/DLP_MARKETING_ALIENS_V01_MarketingProject-V2-2048x1276.jpg 2048w, https:\/\/www.dlpexplorers.fr\/wp-content\/uploads\/2024\/11\/DLP_MARKETING_ALIENS_V01_MarketingProject-V2-18x12.jpg 18w, https:\/\/www.dlpexplorers.fr\/wp-content\/uploads\/2024\/11\/DLP_MARKETING_ALIENS_V01_MarketingProject-V2-150x93.jpg 150w, https:\/\/www.dlpexplorers.fr\/wp-content\/uploads\/2024\/11\/DLP_MARKETING_ALIENS_V01_MarketingProject-V2-450x280.jpg 450w, https:\/\/www.dlpexplorers.fr\/wp-content\/uploads\/2024\/11\/DLP_MARKETING_ALIENS_V01_MarketingProject-V2-1200x748.jpg 1200w\" sizes=\"(max-width: 1024px) 100vw, 1024px\" \/>\t\t\t\t\t\t\t\t<\/a>\n\t\t\t\t\t\t\t\t\t\t\t\t\t\t\t<\/div>\n\t\t\t\t<\/div>\n\t\t\t\t\t<\/div>\n\t\t<\/div>\n\t\t\t\t\t<\/div>\n\t\t<\/section>\n\t\t\t\t<section class=\"has-el-gap el-gap-default elementor-section elementor-top-section elementor-element elementor-element-c823bc3 elementor-section-boxed elementor-section-height-default elementor-section-height-default\" data-id=\"c823bc3\" data-element_type=\"section\" data-e-type=\"section\">\n\t\t\t\t\t\t<div class=\"elementor-container elementor-column-gap-no\">\n\t\t\t\t\t<div class=\"elementor-column elementor-col-33 elementor-top-column elementor-element elementor-element-8360fcd\" data-id=\"8360fcd\" data-element_type=\"column\" data-e-type=\"column\">\n\t\t\t<div class=\"elementor-widget-wrap elementor-element-populated\">\n\t\t\t\t\t\t<div class=\"elementor-element elementor-element-02fae29 elementor-widget elementor-widget-image\" data-id=\"02fae29\" data-element_type=\"widget\" data-e-type=\"widget\" data-widget_type=\"image.default\">\n\t\t\t\t<div class=\"elementor-widget-container\">\n\t\t\t\t\t\t\t\t\t\t\t\t\t\t\t\t<a href=\"https:\/\/dlpexplorers.be\/wp-content\/uploads\/2024\/08\/NEW-CASTLE-NIGHTTIME-SHOW-1-1.jpg\" data-elementor-open-lightbox=\"yes\" data-elementor-lightbox-description=\"Disney Tales of Magic - \u00a9 Disney\" data-e-action-hash=\"#elementor-action%3Aaction%3Dlightbox%26settings%3DeyJpZCI6MjQxODEsInVybCI6Imh0dHBzOlwvXC93d3cuZGxwZXhwbG9yZXJzLmZyXC93cC1jb250ZW50XC91cGxvYWRzXC8yMDI0XC8wOFwvTkVXLUNBU1RMRS1OSUdIVFRJTUUtU0hPVy0xLTEuanBnIn0%3D\">\n\t\t\t\t\t\t\t<img loading=\"lazy\" decoding=\"async\" width=\"1\" height=\"1\" src=\"https:\/\/www.dlpexplorers.fr\/wp-content\/uploads\/2024\/08\/NEW-CASTLE-NIGHTTIME-SHOW-1-1.jpg\" class=\"attachment-large size-large wp-image-24181\" alt=\"Disney Tales of Magic - \u00a9 Disney\" \/>\t\t\t\t\t\t\t\t<\/a>\n\t\t\t\t\t\t\t\t\t\t\t\t\t\t\t<\/div>\n\t\t\t\t<\/div>\n\t\t\t\t\t<\/div>\n\t\t<\/div>\n\t\t\t\t<div class=\"elementor-column elementor-col-33 elementor-top-column elementor-element elementor-element-ecc19cd\" data-id=\"ecc19cd\" data-element_type=\"column\" data-e-type=\"column\">\n\t\t\t<div class=\"elementor-widget-wrap elementor-element-populated\">\n\t\t\t\t\t\t<div class=\"elementor-element elementor-element-add3248 elementor-widget elementor-widget-image\" data-id=\"add3248\" data-element_type=\"widget\" data-e-type=\"widget\" data-widget_type=\"image.default\">\n\t\t\t\t<div class=\"elementor-widget-container\">\n\t\t\t\t\t\t\t\t\t\t\t\t\t\t\t\t<a href=\"https:\/\/dlpexplorers.be\/wp-content\/uploads\/2024\/08\/NEW-CASTLE-NIGHTTIME-SHOW-2-1-scaled.jpg\" data-elementor-open-lightbox=\"yes\" data-elementor-lightbox-description=\"Disney Tales of Magic - \u00a9 Disney\" data-e-action-hash=\"#elementor-action%3Aaction%3Dlightbox%26settings%3DeyJpZCI6MjQxODIsInVybCI6Imh0dHBzOlwvXC93d3cuZGxwZXhwbG9yZXJzLmZyXC93cC1jb250ZW50XC91cGxvYWRzXC8yMDI0XC8wOFwvTkVXLUNBU1RMRS1OSUdIVFRJTUUtU0hPVy0yLTEtc2NhbGVkLmpwZyJ9\">\n\t\t\t\t\t\t\t<img loading=\"lazy\" decoding=\"async\" width=\"1024\" height=\"602\" src=\"https:\/\/www.dlpexplorers.fr\/wp-content\/uploads\/2024\/08\/NEW-CASTLE-NIGHTTIME-SHOW-2-1-1024x602.jpg\" class=\"attachment-large size-large wp-image-24182\" alt=\"Disney Tales of Magic - \u00a9 Disney\" srcset=\"https:\/\/www.dlpexplorers.fr\/wp-content\/uploads\/2024\/08\/NEW-CASTLE-NIGHTTIME-SHOW-2-1-1024x602.jpg 1024w, https:\/\/www.dlpexplorers.fr\/wp-content\/uploads\/2024\/08\/NEW-CASTLE-NIGHTTIME-SHOW-2-1-300x176.jpg 300w, https:\/\/www.dlpexplorers.fr\/wp-content\/uploads\/2024\/08\/NEW-CASTLE-NIGHTTIME-SHOW-2-1-768x452.jpg 768w, https:\/\/www.dlpexplorers.fr\/wp-content\/uploads\/2024\/08\/NEW-CASTLE-NIGHTTIME-SHOW-2-1-1536x903.jpg 1536w, https:\/\/www.dlpexplorers.fr\/wp-content\/uploads\/2024\/08\/NEW-CASTLE-NIGHTTIME-SHOW-2-1-2048x1204.jpg 2048w, https:\/\/www.dlpexplorers.fr\/wp-content\/uploads\/2024\/08\/NEW-CASTLE-NIGHTTIME-SHOW-2-1-18x12.jpg 18w, https:\/\/www.dlpexplorers.fr\/wp-content\/uploads\/2024\/08\/NEW-CASTLE-NIGHTTIME-SHOW-2-1-150x88.jpg 150w, https:\/\/www.dlpexplorers.fr\/wp-content\/uploads\/2024\/08\/NEW-CASTLE-NIGHTTIME-SHOW-2-1-450x265.jpg 450w, https:\/\/www.dlpexplorers.fr\/wp-content\/uploads\/2024\/08\/NEW-CASTLE-NIGHTTIME-SHOW-2-1-1200x705.jpg 1200w\" sizes=\"(max-width: 1024px) 100vw, 1024px\" \/>\t\t\t\t\t\t\t\t<\/a>\n\t\t\t\t\t\t\t\t\t\t\t\t\t\t\t<\/div>\n\t\t\t\t<\/div>\n\t\t\t\t\t<\/div>\n\t\t<\/div>\n\t\t\t\t<div class=\"elementor-column elementor-col-33 elementor-top-column elementor-element elementor-element-4390ec0\" data-id=\"4390ec0\" data-element_type=\"column\" data-e-type=\"column\">\n\t\t\t<div class=\"elementor-widget-wrap\">\n\t\t\t\t\t\t\t<\/div>\n\t\t<\/div>\n\t\t\t\t\t<\/div>\n\t\t<\/section>\n\t\t\t\t<\/div>","protected":false},"excerpt":{"rendered":"<p>Disney Tales of Magic Disney Tales of Magic wird die Besucher ab dem 10. Januar 2025 auf eine emotionale Reise durch die beliebtesten Geschichten der Disney Animation Studios und Pixar Animation Studios im Disneyland Park mitnehmen. \u00dcber Disney Tales of Magic Im Disneyland Park k\u00f6nnen Sie ab dem 10. Januar 2025 die brandneue Abendshow<\/p>","protected":false},"author":1,"featured_media":0,"parent":13046,"menu_order":0,"comment_status":"closed","ping_status":"closed","template":"page-templates\/no-wrapper.php","meta":{"footnotes":""},"class_list":["post-24642","page","type-page","status-publish"],"_links":{"self":[{"href":"https:\/\/dlpexplorers.be\/de\/wp-json\/wp\/v2\/pages\/24642","targetHints":{"allow":["GET"]}}],"collection":[{"href":"https:\/\/dlpexplorers.be\/de\/wp-json\/wp\/v2\/pages"}],"about":[{"href":"https:\/\/dlpexplorers.be\/de\/wp-json\/wp\/v2\/types\/page"}],"author":[{"embeddable":true,"href":"https:\/\/dlpexplorers.be\/de\/wp-json\/wp\/v2\/users\/1"}],"replies":[{"embeddable":true,"href":"https:\/\/dlpexplorers.be\/de\/wp-json\/wp\/v2\/comments?post=24642"}],"version-history":[{"count":0,"href":"https:\/\/dlpexplorers.be\/de\/wp-json\/wp\/v2\/pages\/24642\/revisions"}],"up":[{"embeddable":true,"href":"https:\/\/dlpexplorers.be\/de\/wp-json\/wp\/v2\/pages\/13046"}],"wp:attachment":[{"href":"https:\/\/dlpexplorers.be\/de\/wp-json\/wp\/v2\/media?parent=24642"}],"curies":[{"name":"wp","href":"https:\/\/api.w.org\/{rel}","templated":true}]}}