{"id":18226,"date":"2024-01-21T14:21:06","date_gmt":"2024-01-21T13:21:06","guid":{"rendered":"https:\/\/dlpexplorers.be\/?page_id=18226"},"modified":"2024-08-14T21:29:48","modified_gmt":"2024-08-14T19:29:48","slug":"disney-elektrische-himmelparade","status":"publish","type":"page","link":"https:\/\/dlpexplorers.be\/de\/shows-parades\/disney-electrical-sky-parade\/","title":{"rendered":"Disney Electrical Sky Parade"},"content":{"rendered":"<div data-elementor-type=\"wp-page\" data-elementor-id=\"18226\" class=\"elementor elementor-18226\">\n\t\t\t\t\t\t<section class=\"has-el-gap el-gap-default elementor-section elementor-top-section elementor-element elementor-element-22dbe6ef elementor-section-height-min-height elementor-section-boxed elementor-section-height-default elementor-section-items-middle\" data-id=\"22dbe6ef\" data-element_type=\"section\" data-e-type=\"section\" data-settings=\"{&quot;background_background&quot;:&quot;classic&quot;}\">\n\t\t\t\t\t\t\t<div class=\"elementor-background-overlay\"><\/div>\n\t\t\t\t\t\t\t<div class=\"elementor-container elementor-column-gap-no\">\n\t\t\t\t\t<div class=\"elementor-column elementor-col-100 elementor-top-column elementor-element elementor-element-e55fba3\" data-id=\"e55fba3\" data-element_type=\"column\" data-e-type=\"column\">\n\t\t\t<div class=\"elementor-widget-wrap\">\n\t\t\t\t\t\t\t<\/div>\n\t\t<\/div>\n\t\t\t\t\t<\/div>\n\t\t<\/section>\n\t\t\t\t<section class=\"has-el-gap el-gap-default elementor-section elementor-top-section elementor-element elementor-element-130aa17 elementor-section-boxed elementor-section-height-default elementor-section-height-default\" data-id=\"130aa17\" data-element_type=\"section\" data-e-type=\"section\" data-settings=\"{&quot;background_background&quot;:&quot;classic&quot;}\">\n\t\t\t\t\t\t<div class=\"elementor-container elementor-column-gap-no\">\n\t\t\t\t\t<div class=\"elementor-column elementor-col-100 elementor-top-column elementor-element elementor-element-8afbc83\" data-id=\"8afbc83\" data-element_type=\"column\" data-e-type=\"column\">\n\t\t\t<div class=\"elementor-widget-wrap elementor-element-populated\">\n\t\t\t\t\t\t<div class=\"elementor-element elementor-element-d1b3b09 center elementor-widget elementor-widget-smartmag-heading\" data-id=\"d1b3b09\" data-element_type=\"widget\" data-e-type=\"widget\" data-widget_type=\"smartmag-heading.default\">\n\t\t\t\t<div class=\"elementor-widget-container\">\n\t\t\t\t\t\t\t\t\t\t\n\t\t\t\t\t\t\t\n\t\t\t\t<div class=\"block-head block-head-ac block-head-c block-head-c2 is-center\">\n\n\t\t\t\t\t<h2 class=\"heading\">Disney Electrical Sky Parade<\/h2>\t\t\t\t\t\n\t\t\t\t\t\t\t\t\t<\/div>\n\t\t\t\t\n\t\t\t\n\t\t\t\t\t\t<\/div>\n\t\t\t\t<\/div>\n\t\t\t\t<div class=\"elementor-element elementor-element-b852c5c post-content elementor-widget elementor-widget-text-editor\" data-id=\"b852c5c\" data-element_type=\"widget\" data-e-type=\"widget\" data-widget_type=\"text-editor.default\">\n\t\t\t\t<div class=\"elementor-widget-container\">\n\t\t\t\t\t\t\t\t\t<p>Erleben Sie bis zum 30. September die Magie der Disney Electrical Sky Parade, ein farbenfrohes Luftspektakel \u00fcber dem Dornr\u00f6schenschloss!<\/p>\t\t\t\t\t\t\t\t<\/div>\n\t\t\t\t<\/div>\n\t\t\t\t\t<\/div>\n\t\t<\/div>\n\t\t\t\t\t<\/div>\n\t\t<\/section>\n\t\t\t\t<section class=\"has-el-gap el-gap-default elementor-section elementor-top-section elementor-element elementor-element-11ea66f elementor-section-boxed elementor-section-height-default elementor-section-height-default\" data-id=\"11ea66f\" data-element_type=\"section\" data-e-type=\"section\" data-settings=\"{&quot;background_background&quot;:&quot;classic&quot;}\">\n\t\t\t\t\t\t<div class=\"elementor-container elementor-column-gap-no\">\n\t\t\t\t\t<div class=\"elementor-column elementor-col-100 elementor-top-column elementor-element elementor-element-913b9d2\" data-id=\"913b9d2\" data-element_type=\"column\" data-e-type=\"column\">\n\t\t\t<div class=\"elementor-widget-wrap elementor-element-populated\">\n\t\t\t\t\t\t<div class=\"elementor-element elementor-element-7a3a6bf center elementor-widget elementor-widget-smartmag-heading\" data-id=\"7a3a6bf\" data-element_type=\"widget\" data-e-type=\"widget\" data-widget_type=\"smartmag-heading.default\">\n\t\t\t\t<div class=\"elementor-widget-container\">\n\t\t\t\t\t\t\t\t\t\t\n\t\t\t\t\t\t\t\n\t\t\t\t<div class=\"block-head block-head-ac block-head-c block-head-c2 is-center\">\n\n\t\t\t\t\t<h2 class=\"heading\">\u00dcber die Disney Electrical Sky Parade<\/h2>\t\t\t\t\t\n\t\t\t\t\t\t\t\t\t<\/div>\n\t\t\t\t\n\t\t\t\n\t\t\t\t\t\t<\/div>\n\t\t\t\t<\/div>\n\t\t\t\t<div class=\"elementor-element elementor-element-ac2ea28 post-content elementor-widget elementor-widget-text-editor\" data-id=\"ac2ea28\" data-element_type=\"widget\" data-e-type=\"widget\" data-widget_type=\"text-editor.default\">\n\t\t\t\t<div class=\"elementor-widget-container\">\n\t\t\t\t\t\t\t\t\t<p>Erleben Sie ab dem 8. Januar 2024 die Disney Electrical Sky Parade, eine brandneue und farbenfrohe Drohnenshow, die jede Nacht \u00fcber dem majest\u00e4tischen Dornr\u00f6schenschloss stattfindet. Dieses atemberaubende Spektakel erhellt den Nachthimmel w\u00e4hrend der Disney Symphony of Colours und ist durchdrungen von Nostalgie, inspiriert vom zeitlosen Charme der Disney Electrical Parade. Erleben Sie dieses bezaubernde Spektakel t\u00e4glich vor der Abendshow Disney Dreams!<\/p>\n<p>Die Parade wird noch bis zum 30. September 2024 zu sehen sein. Lassen Sie sich \u00fcberraschen und genie\u00dfen Sie diese einzigartige Erg\u00e4nzung der bezaubernden Welt von Disneyland Paris. Die Magie dieser Parade mit ihren leuchtenden Drohnen, die anmutig durch die Luft gleiten, bietet ein einzigartiges Erlebnis, das die Herzen von Jung und Alt gleicherma\u00dfen erobern wird.<\/p>\t\t\t\t\t\t\t\t<\/div>\n\t\t\t\t<\/div>\n\t\t\t\t\t<\/div>\n\t\t<\/div>\n\t\t\t\t\t<\/div>\n\t\t<\/section>\n\t\t\t\t<section class=\"has-el-gap el-gap-default elementor-section elementor-top-section elementor-element elementor-element-9e525a2 elementor-section-boxed elementor-section-height-default elementor-section-height-default\" data-id=\"9e525a2\" data-element_type=\"section\" data-e-type=\"section\">\n\t\t\t\t\t\t<div class=\"elementor-container elementor-column-gap-no\">\n\t\t\t\t\t<div class=\"elementor-column elementor-col-33 elementor-top-column elementor-element elementor-element-5bc1831\" data-id=\"5bc1831\" data-element_type=\"column\" data-e-type=\"column\">\n\t\t\t<div class=\"elementor-widget-wrap elementor-element-populated\">\n\t\t\t\t\t\t<div class=\"elementor-element elementor-element-347155e elementor-widget elementor-widget-image\" data-id=\"347155e\" data-element_type=\"widget\" data-e-type=\"widget\" data-widget_type=\"image.default\">\n\t\t\t\t<div class=\"elementor-widget-container\">\n\t\t\t\t\t\t\t\t\t\t\t\t\t\t\t\t<a href=\"https:\/\/dlpexplorers.be\/wp-content\/uploads\/2024\/02\/DSC_1347-Enhanced-NR-scaled.jpg\" data-elementor-open-lightbox=\"yes\" data-elementor-lightbox-description=\"Disney Electrical Sky Parade - \u00a9 DLP Explorers\" data-e-action-hash=\"#elementor-action%3Aaction%3Dlightbox%26settings%3DeyJpZCI6MjAzMDUsInVybCI6Imh0dHBzOlwvXC9kbHBleHBsb3JlcnMuY29tXC93cC1jb250ZW50XC91cGxvYWRzXC8yMDI0XC8wMlwvRFNDXzEzNDctRW5oYW5jZWQtTlItc2NhbGVkLmpwZyJ9\">\n\t\t\t\t\t\t\t<img fetchpriority=\"high\" decoding=\"async\" width=\"1024\" height=\"681\" src=\"https:\/\/dlpexplorers.com\/wp-content\/uploads\/2024\/02\/DSC_1347-Enhanced-NR-1024x681.jpg\" class=\"attachment-large size-large wp-image-20305\" alt=\"Disney Elektrische Himmelsparade - \u00a9 DLP Explorers\" srcset=\"https:\/\/dlpexplorers.com\/wp-content\/uploads\/2024\/02\/DSC_1347-Enhanced-NR-1024x681.jpg 1024w, https:\/\/dlpexplorers.com\/wp-content\/uploads\/2024\/02\/DSC_1347-Enhanced-NR-300x200.jpg 300w, https:\/\/dlpexplorers.com\/wp-content\/uploads\/2024\/02\/DSC_1347-Enhanced-NR-768x511.jpg 768w, https:\/\/dlpexplorers.com\/wp-content\/uploads\/2024\/02\/DSC_1347-Enhanced-NR-1536x1022.jpg 1536w, https:\/\/dlpexplorers.com\/wp-content\/uploads\/2024\/02\/DSC_1347-Enhanced-NR-2048x1363.jpg 2048w, https:\/\/dlpexplorers.com\/wp-content\/uploads\/2024\/02\/DSC_1347-Enhanced-NR-18x12.jpg 18w, https:\/\/dlpexplorers.com\/wp-content\/uploads\/2024\/02\/DSC_1347-Enhanced-NR-150x100.jpg 150w, https:\/\/dlpexplorers.com\/wp-content\/uploads\/2024\/02\/DSC_1347-Enhanced-NR-450x299.jpg 450w, https:\/\/dlpexplorers.com\/wp-content\/uploads\/2024\/02\/DSC_1347-Enhanced-NR-1200x798.jpg 1200w\" sizes=\"(max-width: 1024px) 100vw, 1024px\" \/>\t\t\t\t\t\t\t\t<\/a>\n\t\t\t\t\t\t\t\t\t\t\t\t\t\t\t<\/div>\n\t\t\t\t<\/div>\n\t\t\t\t\t<\/div>\n\t\t<\/div>\n\t\t\t\t<div class=\"elementor-column elementor-col-33 elementor-top-column elementor-element elementor-element-cc93326\" data-id=\"cc93326\" data-element_type=\"column\" data-e-type=\"column\">\n\t\t\t<div class=\"elementor-widget-wrap elementor-element-populated\">\n\t\t\t\t\t\t<div class=\"elementor-element elementor-element-ad8736c elementor-widget elementor-widget-image\" data-id=\"ad8736c\" data-element_type=\"widget\" data-e-type=\"widget\" data-widget_type=\"image.default\">\n\t\t\t\t<div class=\"elementor-widget-container\">\n\t\t\t\t\t\t\t\t\t\t\t\t\t\t\t\t<a href=\"https:\/\/dlpexplorers.be\/wp-content\/uploads\/2024\/02\/DSC_1082-Enhanced-NR-2-scaled.jpg\" data-elementor-open-lightbox=\"yes\" data-elementor-lightbox-description=\"Disney Electrical Sky Parade - \u00a9 DLP Explorers\" data-e-action-hash=\"#elementor-action%3Aaction%3Dlightbox%26settings%3DeyJpZCI6MjAzMDIsInVybCI6Imh0dHBzOlwvXC9kbHBleHBsb3JlcnMuY29tXC93cC1jb250ZW50XC91cGxvYWRzXC8yMDI0XC8wMlwvRFNDXzEwODItRW5oYW5jZWQtTlItMi1zY2FsZWQuanBnIn0%3D\">\n\t\t\t\t\t\t\t<img decoding=\"async\" width=\"1024\" height=\"681\" src=\"https:\/\/dlpexplorers.com\/wp-content\/uploads\/2024\/02\/DSC_1082-Enhanced-NR-2-1024x681.jpg\" class=\"attachment-large size-large wp-image-20302\" alt=\"Disney Elektrische Himmelsparade - \u00a9 DLP Explorers\" srcset=\"https:\/\/dlpexplorers.com\/wp-content\/uploads\/2024\/02\/DSC_1082-Enhanced-NR-2-1024x681.jpg 1024w, https:\/\/dlpexplorers.com\/wp-content\/uploads\/2024\/02\/DSC_1082-Enhanced-NR-2-300x200.jpg 300w, https:\/\/dlpexplorers.com\/wp-content\/uploads\/2024\/02\/DSC_1082-Enhanced-NR-2-768x511.jpg 768w, https:\/\/dlpexplorers.com\/wp-content\/uploads\/2024\/02\/DSC_1082-Enhanced-NR-2-1536x1022.jpg 1536w, https:\/\/dlpexplorers.com\/wp-content\/uploads\/2024\/02\/DSC_1082-Enhanced-NR-2-2048x1362.jpg 2048w, https:\/\/dlpexplorers.com\/wp-content\/uploads\/2024\/02\/DSC_1082-Enhanced-NR-2-18x12.jpg 18w, https:\/\/dlpexplorers.com\/wp-content\/uploads\/2024\/02\/DSC_1082-Enhanced-NR-2-150x100.jpg 150w, https:\/\/dlpexplorers.com\/wp-content\/uploads\/2024\/02\/DSC_1082-Enhanced-NR-2-450x299.jpg 450w, https:\/\/dlpexplorers.com\/wp-content\/uploads\/2024\/02\/DSC_1082-Enhanced-NR-2-1200x798.jpg 1200w\" sizes=\"(max-width: 1024px) 100vw, 1024px\" \/>\t\t\t\t\t\t\t\t<\/a>\n\t\t\t\t\t\t\t\t\t\t\t\t\t\t\t<\/div>\n\t\t\t\t<\/div>\n\t\t\t\t\t<\/div>\n\t\t<\/div>\n\t\t\t\t<div class=\"elementor-column elementor-col-33 elementor-top-column elementor-element elementor-element-fa0aa57\" data-id=\"fa0aa57\" data-element_type=\"column\" data-e-type=\"column\">\n\t\t\t<div class=\"elementor-widget-wrap elementor-element-populated\">\n\t\t\t\t\t\t<div class=\"elementor-element elementor-element-b8d4a04 elementor-widget elementor-widget-image\" data-id=\"b8d4a04\" data-element_type=\"widget\" data-e-type=\"widget\" data-widget_type=\"image.default\">\n\t\t\t\t<div class=\"elementor-widget-container\">\n\t\t\t\t\t\t\t\t\t\t\t\t\t\t\t\t<a href=\"https:\/\/dlpexplorers.be\/wp-content\/uploads\/2024\/02\/DSC_0904-Enhanced-NR-scaled.jpg\" data-elementor-open-lightbox=\"yes\" data-elementor-lightbox-description=\"Disney Electrical Sky Parade - \u00a9 DLP Explorers\" data-e-action-hash=\"#elementor-action%3Aaction%3Dlightbox%26settings%3DeyJpZCI6MjAzMjQsInVybCI6Imh0dHBzOlwvXC9kbHBleHBsb3JlcnMuY29tXC93cC1jb250ZW50XC91cGxvYWRzXC8yMDI0XC8wMlwvRFNDXzA5MDQtRW5oYW5jZWQtTlItc2NhbGVkLmpwZyJ9\">\n\t\t\t\t\t\t\t<img decoding=\"async\" width=\"1024\" height=\"681\" src=\"https:\/\/dlpexplorers.com\/wp-content\/uploads\/2024\/02\/DSC_0904-Enhanced-NR-1024x681.jpg\" class=\"attachment-large size-large wp-image-20324\" alt=\"Disney Elektrische Himmelsparade - \u00a9 DLP Explorers\" srcset=\"https:\/\/dlpexplorers.com\/wp-content\/uploads\/2024\/02\/DSC_0904-Enhanced-NR-1024x681.jpg 1024w, https:\/\/dlpexplorers.com\/wp-content\/uploads\/2024\/02\/DSC_0904-Enhanced-NR-300x200.jpg 300w, https:\/\/dlpexplorers.com\/wp-content\/uploads\/2024\/02\/DSC_0904-Enhanced-NR-768x511.jpg 768w, https:\/\/dlpexplorers.com\/wp-content\/uploads\/2024\/02\/DSC_0904-Enhanced-NR-1536x1022.jpg 1536w, https:\/\/dlpexplorers.com\/wp-content\/uploads\/2024\/02\/DSC_0904-Enhanced-NR-2048x1363.jpg 2048w, https:\/\/dlpexplorers.com\/wp-content\/uploads\/2024\/02\/DSC_0904-Enhanced-NR-18x12.jpg 18w, https:\/\/dlpexplorers.com\/wp-content\/uploads\/2024\/02\/DSC_0904-Enhanced-NR-150x100.jpg 150w, https:\/\/dlpexplorers.com\/wp-content\/uploads\/2024\/02\/DSC_0904-Enhanced-NR-450x299.jpg 450w, https:\/\/dlpexplorers.com\/wp-content\/uploads\/2024\/02\/DSC_0904-Enhanced-NR-1200x799.jpg 1200w\" sizes=\"(max-width: 1024px) 100vw, 1024px\" \/>\t\t\t\t\t\t\t\t<\/a>\n\t\t\t\t\t\t\t\t\t\t\t\t\t\t\t<\/div>\n\t\t\t\t<\/div>\n\t\t\t\t\t<\/div>\n\t\t<\/div>\n\t\t\t\t\t<\/div>\n\t\t<\/section>\n\t\t\t\t<\/div>","protected":false},"excerpt":{"rendered":"<p>Disney Electrical Sky Parade Ervaar nog tot 30 september de magie van Disney Electrical Sky Parade, een kleurrijk luchtspektakel boven het Kasteel van Doornroosje! Over Disney Electrical Sky Parade Beleef vanaf 8 januari 2024 Disney Electrical Sky Parade, een gloednieuwe en kleurrijke droneshow die elke avond plaatsvindt boven het majestueuze kasteel van Doornroosje. Dit prachtige<\/p>","protected":false},"author":1,"featured_media":0,"parent":13046,"menu_order":0,"comment_status":"closed","ping_status":"closed","template":"page-templates\/no-wrapper.php","meta":{"footnotes":""},"class_list":["post-18226","page","type-page","status-publish"],"_links":{"self":[{"href":"https:\/\/dlpexplorers.be\/de\/wp-json\/wp\/v2\/pages\/18226","targetHints":{"allow":["GET"]}}],"collection":[{"href":"https:\/\/dlpexplorers.be\/de\/wp-json\/wp\/v2\/pages"}],"about":[{"href":"https:\/\/dlpexplorers.be\/de\/wp-json\/wp\/v2\/types\/page"}],"author":[{"embeddable":true,"href":"https:\/\/dlpexplorers.be\/de\/wp-json\/wp\/v2\/users\/1"}],"replies":[{"embeddable":true,"href":"https:\/\/dlpexplorers.be\/de\/wp-json\/wp\/v2\/comments?post=18226"}],"version-history":[{"count":0,"href":"https:\/\/dlpexplorers.be\/de\/wp-json\/wp\/v2\/pages\/18226\/revisions"}],"up":[{"embeddable":true,"href":"https:\/\/dlpexplorers.be\/de\/wp-json\/wp\/v2\/pages\/13046"}],"wp:attachment":[{"href":"https:\/\/dlpexplorers.be\/de\/wp-json\/wp\/v2\/media?parent=18226"}],"curies":[{"name":"wp","href":"https:\/\/api.w.org\/{rel}","templated":true}]}}