{"id":13775,"date":"2023-12-29T10:59:58","date_gmt":"2023-12-29T09:59:58","guid":{"rendered":"https:\/\/dlpexplorers.be\/?page_id=13775"},"modified":"2024-06-04T14:34:36","modified_gmt":"2024-06-04T12:34:36","slug":"stitch-live","status":"publish","type":"page","link":"https:\/\/dlpexplorers.be\/de\/shows-parades\/stitch-live\/","title":{"rendered":"Stitch Live!"},"content":{"rendered":"<div data-elementor-type=\"wp-page\" data-elementor-id=\"13775\" class=\"elementor elementor-13775\">\n\t\t\t\t\t\t<section class=\"has-el-gap el-gap-default elementor-section elementor-top-section elementor-element elementor-element-4f85dd85 elementor-section-height-min-height elementor-section-boxed elementor-section-height-default elementor-section-items-middle\" data-id=\"4f85dd85\" data-element_type=\"section\" data-e-type=\"section\" data-settings=\"{&quot;background_background&quot;:&quot;classic&quot;}\">\n\t\t\t\t\t\t\t<div class=\"elementor-background-overlay\"><\/div>\n\t\t\t\t\t\t\t<div class=\"elementor-container elementor-column-gap-no\">\n\t\t\t\t\t<div class=\"elementor-column elementor-col-100 elementor-top-column elementor-element elementor-element-5d23ea7e\" data-id=\"5d23ea7e\" data-element_type=\"column\" data-e-type=\"column\">\n\t\t\t<div class=\"elementor-widget-wrap\">\n\t\t\t\t\t\t\t<\/div>\n\t\t<\/div>\n\t\t\t\t\t<\/div>\n\t\t<\/section>\n\t\t\t\t<section class=\"has-el-gap el-gap-default elementor-section elementor-top-section elementor-element elementor-element-5378f01 elementor-section-boxed elementor-section-height-default elementor-section-height-default\" data-id=\"5378f01\" data-element_type=\"section\" data-e-type=\"section\" data-settings=\"{&quot;background_background&quot;:&quot;classic&quot;}\">\n\t\t\t\t\t\t<div class=\"elementor-container elementor-column-gap-no\">\n\t\t\t\t\t<div class=\"elementor-column elementor-col-100 elementor-top-column elementor-element elementor-element-13efe5f\" data-id=\"13efe5f\" data-element_type=\"column\" data-e-type=\"column\">\n\t\t\t<div class=\"elementor-widget-wrap elementor-element-populated\">\n\t\t\t\t\t\t<div class=\"elementor-element elementor-element-40a1c80 center elementor-widget elementor-widget-smartmag-heading\" data-id=\"40a1c80\" data-element_type=\"widget\" data-e-type=\"widget\" data-widget_type=\"smartmag-heading.default\">\n\t\t\t\t<div class=\"elementor-widget-container\">\n\t\t\t\t\t\t\t\t\t\t\n\t\t\t\t\t\t\t\n\t\t\t\t<div class=\"block-head block-head-ac block-head-c block-head-c2 is-center\">\n\n\t\t\t\t\t<h2 class=\"heading\">Stitch Live!<\/h2>\t\t\t\t\t\n\t\t\t\t\t\t\t\t\t<\/div>\n\t\t\t\t\n\t\t\t\n\t\t\t\t\t\t<\/div>\n\t\t\t\t<\/div>\n\t\t\t\t<div class=\"elementor-element elementor-element-6b79707 post-content elementor-widget elementor-widget-text-editor\" data-id=\"6b79707\" data-element_type=\"widget\" data-e-type=\"widget\" data-widget_type=\"text-editor.default\">\n\t\t\t\t<div class=\"elementor-widget-container\">\n\t\t\t\t\t\t\t\t\t<p>Stitch Live! ist eine interaktive, humorvolle Show, bei der man mit Lilos schelmischem blauen Freund sprechen und lachen kann.<\/p>\t\t\t\t\t\t\t\t<\/div>\n\t\t\t\t<\/div>\n\t\t\t\t\t<\/div>\n\t\t<\/div>\n\t\t\t\t\t<\/div>\n\t\t<\/section>\n\t\t\t\t<section class=\"has-el-gap el-gap-default elementor-section elementor-top-section elementor-element elementor-element-42a4682 elementor-section-boxed elementor-section-height-default elementor-section-height-default\" data-id=\"42a4682\" data-element_type=\"section\" data-e-type=\"section\" data-settings=\"{&quot;background_background&quot;:&quot;classic&quot;}\">\n\t\t\t\t\t\t<div class=\"elementor-container elementor-column-gap-no\">\n\t\t\t\t\t<div class=\"elementor-column elementor-col-100 elementor-top-column elementor-element elementor-element-6de2cff\" data-id=\"6de2cff\" data-element_type=\"column\" data-e-type=\"column\">\n\t\t\t<div class=\"elementor-widget-wrap elementor-element-populated\">\n\t\t\t\t\t\t<div class=\"elementor-element elementor-element-e27c7f9 center elementor-widget elementor-widget-smartmag-heading\" data-id=\"e27c7f9\" data-element_type=\"widget\" data-e-type=\"widget\" data-widget_type=\"smartmag-heading.default\">\n\t\t\t\t<div class=\"elementor-widget-container\">\n\t\t\t\t\t\t\t\t\t\t\n\t\t\t\t\t\t\t\n\t\t\t\t<div class=\"block-head block-head-ac block-head-c block-head-c2 is-center\">\n\n\t\t\t\t\t<h2 class=\"heading\">\u00dcber Stitch Live!<\/h2>\t\t\t\t\t\n\t\t\t\t\t\t\t\t\t<\/div>\n\t\t\t\t\n\t\t\t\n\t\t\t\t\t\t<\/div>\n\t\t\t\t<\/div>\n\t\t\t\t<div class=\"elementor-element elementor-element-4f19318 post-content elementor-widget elementor-widget-text-editor\" data-id=\"4f19318\" data-element_type=\"widget\" data-e-type=\"widget\" data-widget_type=\"text-editor.default\">\n\t\t\t\t<div class=\"elementor-widget-container\">\n\t\t\t\t\t\t\t\t\t<p>Im Walt Disney Studios Park l\u00e4dt Stitch zu einem einzigartigen interaktiven Erlebnis ein, bei dem Sie Lilos schelmischen blauen Freund treffen k\u00f6nnen. W\u00e4hrend der Show k\u00f6nnen die Besucher durch Echtzeit-Animation direkt mit Stitch interagieren. Diese innovative Technologie bietet ein humorvolles und unerwartetes Erlebnis. Egal, ob Sie ihm Fragen stellen oder mit ihm singen, Stitch wird immer antworten!<\/p><p>Die Show wird sowohl auf Franz\u00f6sisch als auch auf Englisch angeboten. Die Besucher k\u00f6nnen sich vor Ort \u00fcber die Uhrzeiten informieren und ihren Besuch so planen, dass sie dieses unvergessliche Erlebnis nicht verpassen.<\/p>\t\t\t\t\t\t\t\t<\/div>\n\t\t\t\t<\/div>\n\t\t\t\t\t<\/div>\n\t\t<\/div>\n\t\t\t\t\t<\/div>\n\t\t<\/section>\n\t\t\t\t<\/div>","protected":false},"excerpt":{"rendered":"<p>Stitch Live! Stitch Live! ist eine interaktive, humorvolle Show, in der du mit Lilos schelmischem blauen Freund sprechen und lachen kannst. \u00dcber Stitch Live! Im Walt Disney Studios Park l\u00e4dt Stitch zu einem einzigartigen interaktiven Erlebnis ein, bei dem Sie Lilos schelmischen blauen Freund treffen k\u00f6nnen. W\u00e4hrend der Show k\u00f6nnen die Besucher<\/p>","protected":false},"author":1,"featured_media":0,"parent":13046,"menu_order":0,"comment_status":"closed","ping_status":"closed","template":"page-templates\/no-wrapper.php","meta":{"footnotes":""},"class_list":["post-13775","page","type-page","status-publish"],"_links":{"self":[{"href":"https:\/\/dlpexplorers.be\/de\/wp-json\/wp\/v2\/pages\/13775","targetHints":{"allow":["GET"]}}],"collection":[{"href":"https:\/\/dlpexplorers.be\/de\/wp-json\/wp\/v2\/pages"}],"about":[{"href":"https:\/\/dlpexplorers.be\/de\/wp-json\/wp\/v2\/types\/page"}],"author":[{"embeddable":true,"href":"https:\/\/dlpexplorers.be\/de\/wp-json\/wp\/v2\/users\/1"}],"replies":[{"embeddable":true,"href":"https:\/\/dlpexplorers.be\/de\/wp-json\/wp\/v2\/comments?post=13775"}],"version-history":[{"count":0,"href":"https:\/\/dlpexplorers.be\/de\/wp-json\/wp\/v2\/pages\/13775\/revisions"}],"up":[{"embeddable":true,"href":"https:\/\/dlpexplorers.be\/de\/wp-json\/wp\/v2\/pages\/13046"}],"wp:attachment":[{"href":"https:\/\/dlpexplorers.be\/de\/wp-json\/wp\/v2\/media?parent=13775"}],"curies":[{"name":"wp","href":"https:\/\/api.w.org\/{rel}","templated":true}]}}