{"id":13066,"date":"2023-12-27T14:34:29","date_gmt":"2023-12-27T13:34:29","guid":{"rendered":"https:\/\/dlpexplorers.be\/?page_id=13066"},"modified":"2024-06-04T14:27:59","modified_gmt":"2024-06-04T12:27:59","slug":"disney-beleuchtungen","status":"publish","type":"page","link":"https:\/\/dlpexplorers.be\/de\/shows-parades\/disney-illuminations\/","title":{"rendered":"Disney Illuminations"},"content":{"rendered":"<div data-elementor-type=\"wp-page\" data-elementor-id=\"13066\" class=\"elementor elementor-13066\">\n\t\t\t\t\t\t<section class=\"has-el-gap el-gap-default elementor-section elementor-top-section elementor-element elementor-element-22dbe6ef elementor-section-height-min-height elementor-section-boxed elementor-section-height-default elementor-section-items-middle\" data-id=\"22dbe6ef\" data-element_type=\"section\" data-e-type=\"section\" data-settings=\"{&quot;background_background&quot;:&quot;classic&quot;}\">\n\t\t\t\t\t\t\t<div class=\"elementor-background-overlay\"><\/div>\n\t\t\t\t\t\t\t<div class=\"elementor-container elementor-column-gap-no\">\n\t\t\t\t\t<div class=\"elementor-column elementor-col-100 elementor-top-column elementor-element elementor-element-e55fba3\" data-id=\"e55fba3\" data-element_type=\"column\" data-e-type=\"column\">\n\t\t\t<div class=\"elementor-widget-wrap\">\n\t\t\t\t\t\t\t<\/div>\n\t\t<\/div>\n\t\t\t\t\t<\/div>\n\t\t<\/section>\n\t\t\t\t<section class=\"has-el-gap el-gap-default elementor-section elementor-top-section elementor-element elementor-element-fe95115 elementor-section-boxed elementor-section-height-default elementor-section-height-default\" data-id=\"fe95115\" data-element_type=\"section\" data-e-type=\"section\" data-settings=\"{&quot;background_background&quot;:&quot;classic&quot;}\">\n\t\t\t\t\t\t<div class=\"elementor-container elementor-column-gap-no\">\n\t\t\t\t\t<div class=\"elementor-column elementor-col-100 elementor-top-column elementor-element elementor-element-fdc818d\" data-id=\"fdc818d\" data-element_type=\"column\" data-e-type=\"column\">\n\t\t\t<div class=\"elementor-widget-wrap elementor-element-populated\">\n\t\t\t\t\t\t<div class=\"elementor-element elementor-element-74ef78e center elementor-widget elementor-widget-smartmag-heading\" data-id=\"74ef78e\" data-element_type=\"widget\" data-e-type=\"widget\" data-widget_type=\"smartmag-heading.default\">\n\t\t\t\t<div class=\"elementor-widget-container\">\n\t\t\t\t\t\t\t\t\t\t\n\t\t\t\t\t\t\t\n\t\t\t\t<div class=\"block-head block-head-ac block-head-c block-head-c2 is-center\">\n\n\t\t\t\t\t<h2 class=\"heading\">Disney Illuminations<\/h2>\t\t\t\t\t\n\t\t\t\t\t\t\t\t\t<\/div>\n\t\t\t\t\n\t\t\t\n\t\t\t\t\t\t<\/div>\n\t\t\t\t<\/div>\n\t\t\t\t<div class=\"elementor-element elementor-element-b944f86 post-content elementor-widget elementor-widget-text-editor\" data-id=\"b944f86\" data-element_type=\"widget\" data-e-type=\"widget\" data-widget_type=\"text-editor.default\">\n\t\t\t\t<div class=\"elementor-widget-container\">\n\t\t\t\t\t\t\t\t\t<p>Disney Illuminations ist eine atemberaubende Feuerwerksshow, die den Himmel in leuchtenden Farben erstrahlen l\u00e4sst und ikonische Disney-Momente auf das Dornr\u00f6schenschloss projiziert, wodurch die Besucher in eine zauberhafte Geschichte eintauchen.<\/p>\t\t\t\t\t\t\t\t<\/div>\n\t\t\t\t<\/div>\n\t\t\t\t\t<\/div>\n\t\t<\/div>\n\t\t\t\t\t<\/div>\n\t\t<\/section>\n\t\t\t\t<section class=\"has-el-gap el-gap-default elementor-section elementor-top-section elementor-element elementor-element-6c3cefc elementor-section-boxed elementor-section-height-default elementor-section-height-default\" data-id=\"6c3cefc\" data-element_type=\"section\" data-e-type=\"section\" data-settings=\"{&quot;background_background&quot;:&quot;classic&quot;}\">\n\t\t\t\t\t\t<div class=\"elementor-container elementor-column-gap-no\">\n\t\t\t\t\t<div class=\"elementor-column elementor-col-100 elementor-top-column elementor-element elementor-element-406d175\" data-id=\"406d175\" data-element_type=\"column\" data-e-type=\"column\">\n\t\t\t<div class=\"elementor-widget-wrap elementor-element-populated\">\n\t\t\t\t\t\t<div class=\"elementor-element elementor-element-2323801 center elementor-widget elementor-widget-smartmag-heading\" data-id=\"2323801\" data-element_type=\"widget\" data-e-type=\"widget\" data-widget_type=\"smartmag-heading.default\">\n\t\t\t\t<div class=\"elementor-widget-container\">\n\t\t\t\t\t\t\t\t\t\t\n\t\t\t\t\t\t\t\n\t\t\t\t<div class=\"block-head block-head-ac block-head-c block-head-c2 is-center\">\n\n\t\t\t\t\t<h2 class=\"heading\">\u00dcber Disney Illuminations<\/h2>\t\t\t\t\t\n\t\t\t\t\t\t\t\t\t<\/div>\n\t\t\t\t\n\t\t\t\n\t\t\t\t\t\t<\/div>\n\t\t\t\t<\/div>\n\t\t\t\t<div class=\"elementor-element elementor-element-a40bd38 post-content elementor-widget elementor-widget-text-editor\" data-id=\"a40bd38\" data-element_type=\"widget\" data-e-type=\"widget\" data-widget_type=\"text-editor.default\">\n\t\t\t\t<div class=\"elementor-widget-container\">\n\t\t\t\t\t\t\t\t\t<p>Im Disneyland Park k\u00f6nnen Sie die spektakul\u00e4re Abendshow Disney Illuminations genie\u00dfen. Diese beeindruckende Show findet rund um das imposante Schloss von Dornr\u00f6schen statt und bietet ein einzigartiges und mitrei\u00dfendes Erlebnis f\u00fcr alle Altersgruppen.<\/p><p>Disney Illuminations kombiniert modernste Technologie mit atemberaubenden visuellen Effekten. Das Schloss dient als lebendige Leinwand f\u00fcr Projektionen, die nahtlos mit Musik und Choreografie verschmelzen. Die Show zeigt die beliebtesten Disney-Klassiker und erweckt die Figuren auf eine Weise zum Leben, die die Fantasie anregt.<\/p><p>Der H\u00f6hepunkt von Disney Illuminations ist das atemberaubende Feuerwerksspektakel, das den Nachthimmel erhellt. Die Farbpalette und die synchronisierten Explosionen tragen zum Gesamterlebnis bei und machen es zu einer unvergesslichen Erfahrung f\u00fcr alle Zuschauer.<\/p><p>Um das Spektakel optimal zu erleben, sollte man sich rechtzeitig einen guten Platz rund um das Schloss suchen. Der Disneyland Park bietet mehrere strategische Standorte, von denen aus die Besucher das Spektakel und die wundersch\u00f6ne Beleuchtung genie\u00dfen k\u00f6nnen. Denken Sie daran, dass die Illuminationen zu bestimmten Zeiten stattfinden. Es ist daher ratsam, das Programm im Voraus zu \u00fcberpr\u00fcfen, um die Show nicht zu verpassen.<\/p><p>Egal, ob Sie ein begeisterter Disney-Fan sind oder einfach nur eine atemberaubende Abendunterhaltung suchen, dieses Spektakel ist ein Muss bei Ihrem Besuch im Disneyland Paris. Es ist der perfekte Abschluss f\u00fcr einen Tag voller Abenteuer und Spa\u00df in diesem bezaubernden Themenpark.<\/p>\t\t\t\t\t\t\t\t<\/div>\n\t\t\t\t<\/div>\n\t\t\t\t\t<\/div>\n\t\t<\/div>\n\t\t\t\t\t<\/div>\n\t\t<\/section>\n\t\t\t\t<\/div>","protected":false},"excerpt":{"rendered":"<p>Disney Illuminations Disney Illuminations ist eine atemberaubende Feuerwerksshow, die den Himmel in leuchtenden Farben erhellt und ikonische Disney-Momente auf das Dornr\u00f6schenschloss projiziert, wodurch die Besucher in eine zauberhafte Geschichte eintauchen. \u00dcber Disney Illuminations Im Disneyland Park k\u00f6nnen Sie die spektakul\u00e4re Abendshow Disney Illuminations genie\u00dfen. Diese beeindruckende Show findet rund um das imposante<\/p>","protected":false},"author":1,"featured_media":0,"parent":13046,"menu_order":0,"comment_status":"closed","ping_status":"closed","template":"page-templates\/no-wrapper.php","meta":{"footnotes":""},"class_list":["post-13066","page","type-page","status-publish"],"_links":{"self":[{"href":"https:\/\/dlpexplorers.be\/de\/wp-json\/wp\/v2\/pages\/13066","targetHints":{"allow":["GET"]}}],"collection":[{"href":"https:\/\/dlpexplorers.be\/de\/wp-json\/wp\/v2\/pages"}],"about":[{"href":"https:\/\/dlpexplorers.be\/de\/wp-json\/wp\/v2\/types\/page"}],"author":[{"embeddable":true,"href":"https:\/\/dlpexplorers.be\/de\/wp-json\/wp\/v2\/users\/1"}],"replies":[{"embeddable":true,"href":"https:\/\/dlpexplorers.be\/de\/wp-json\/wp\/v2\/comments?post=13066"}],"version-history":[{"count":0,"href":"https:\/\/dlpexplorers.be\/de\/wp-json\/wp\/v2\/pages\/13066\/revisions"}],"up":[{"embeddable":true,"href":"https:\/\/dlpexplorers.be\/de\/wp-json\/wp\/v2\/pages\/13046"}],"wp:attachment":[{"href":"https:\/\/dlpexplorers.be\/de\/wp-json\/wp\/v2\/media?parent=13066"}],"curies":[{"name":"wp","href":"https:\/\/api.w.org\/{rel}","templated":true}]}}